{"id":11,"date":"2019-01-14T16:18:19","date_gmt":"2019-01-14T16:18:19","guid":{"rendered":"https:\/\/avadawebsites.wpengine.com\/cryptocurrency\/?page_id=11"},"modified":"2025-01-22T17:18:35","modified_gmt":"2025-01-22T17:18:35","slug":"tesoreria","status":"publish","type":"page","link":"https:\/\/santaanamaya.gob.mx\/index.php\/tesoreria\/","title":{"rendered":"Tesoreria"},"content":{"rendered":"<p><div class=\"fusion-fullwidth fullwidth-box fusion-builder-row-1 fusion-flex-container nonhundred-percent-fullwidth non-hundred-percent-height-scrolling fusion-no-small-visibility fusion-no-medium-visibility\" style=\"--awb-border-radius-top-left:0px;--awb-border-radius-top-right:0px;--awb-border-radius-bottom-right:0px;--awb-border-radius-bottom-left:0px;--awb-padding-top:8%;--awb-padding-bottom:8%;--awb-flex-wrap:wrap;\" ><div class=\"fusion-builder-row fusion-row fusion-flex-align-items-center fusion-flex-content-wrap\" style=\"max-width:calc( 1160px + 0px );margin-left: calc(-0px \/ 2 );margin-right: calc(-0px \/ 2 );\"><div class=\"fusion-layout-column fusion_builder_column fusion-builder-column-0 fusion_builder_column_1_2 1_2 fusion-flex-column fusion-animated\" style=\"--awb-padding-top:12%;--awb-padding-right:12%;--awb-padding-bottom:12%;--awb-padding-left:12%;--awb-bg-blend:overlay;--awb-bg-size:cover;--awb-width-large:50%;--awb-margin-top-large:0px;--awb-spacing-right-large:0px;--awb-margin-bottom-large:0px;--awb-spacing-left-large:0px;--awb-width-medium:100%;--awb-spacing-right-medium:0px;--awb-spacing-left-medium:0px;--awb-width-small:100%;--awb-spacing-right-small:0px;--awb-spacing-left-small:0px;\" data-animationType=\"fadeInLeft\" data-animationDuration=\"0.8\" data-animationOffset=\"top-into-view\"><div class=\"fusion-column-wrapper fusion-flex-justify-content-flex-start fusion-content-layout-column\"><div class=\"fusion-title title fusion-title-1 fusion-sep-none fusion-title-text fusion-title-size-three\" style=\"--awb-margin-top:0px;--awb-margin-bottom:10px;--awb-margin-top-small:0px;--awb-margin-right-small:0px;--awb-margin-bottom-small:20px;--awb-margin-left-small:0px;\"><h3 class=\"fusion-title-heading title-heading-left fusion-responsive-typography-calculated\" style=\"margin:0;--fontSize:26;--minFontSize:26;line-height:1.3;\">Santa Ana Maya<\/h3><\/div><div class=\"fusion-text fusion-text-1\" style=\"--awb-font-size:var(--awb-typography2-font-size);--awb-line-height:var(--awb-typography2-line-height);--awb-letter-spacing:var(--awb-typography2-letter-spacing);--awb-text-transform:var(--awb-typography2-text-transform);--awb-text-font-family:var(--awb-typography2-font-family);--awb-text-font-weight:var(--awb-typography2-font-weight);--awb-text-font-style:var(--awb-typography2-font-style);\"><p>Tesoreria<\/p>\n<\/div><div class=\"fusion-separator fusion-full-width-sep\" style=\"align-self: center;margin-left: auto;margin-right: auto;margin-top:5px;margin-bottom:25px;width:100%;\"><div class=\"fusion-separator-border sep-single sep-solid\" style=\"--awb-height:20px;--awb-amount:20px;border-color:var(--awb-color3);border-top-width:1px;\"><\/div><\/div><div class=\"fusion-text fusion-text-2\" style=\"--awb-content-alignment:justify;\"><p>\u00a1Bienvenido a la p\u00e1gina oficial de Tesorer\u00eda de Santa Ana Maya! Aqu\u00ed podr\u00e1s gestionar el pago de tu impuesto predial correspondiente al a\u00f1o en curso de manera f\u00e1cil, r\u00e1pida y segura. Nuestro objetivo es facilitarte el cumplimiento de tus obligaciones fiscales y ofrecerte diversos medios de pago para tu comodidad.<\/p>\n<p>Recuerda que el Ayuntamiento de Santa Ana Maya ofrece importantes <strong>descuentos<\/strong> durante los primeros meses del a\u00f1o, lo que te permitir\u00e1 reducir el monto a pagar. Estos beneficios est\u00e1n disponibles para todos los contribuyentes que se encuentren al corriente con sus pagos, as\u00ed que no dejes pasar esta oportunidad de ahorrar.<\/p>\n<p>Adem\u00e1s, en nuestra p\u00e1gina podr\u00e1s encontrar toda la informaci\u00f3n relacionada con tu predial, como el monto a pagar, las fechas l\u00edmite y los diferentes m\u00e9todos de pago disponibles. Si tienes dudas o necesitas asistencia, no dudes en <strong>ponerte en contacto<\/strong> con nosotros a trav\u00e9s de los canales de atenci\u00f3n que ponemos a tu disposici\u00f3n.<\/p>\n<p>Tu participaci\u00f3n es fundamental para el desarrollo de nuestro municipio, ya que los recursos recaudados se destinan a mejorar la infraestructura, los servicios y el bienestar de todos los habitantes de Santa Ana Maya. \u00a1Cumple con tus responsabilidades fiscales y aprovecha los descuentos que te ofrece el Ayuntamiento!<\/p>\n<p>Suspendisse potenti. Sed luctus suscipit tincidunt.<\/p>\n<\/div><div class=\"fusion-separator fusion-full-width-sep\" style=\"align-self: center;margin-left: auto;margin-right: auto;margin-top:5px;width:100%;\"><\/div><\/div><\/div><div class=\"fusion-layout-column fusion_builder_column fusion-builder-column-1 fusion_builder_column_1_2 1_2 fusion-flex-column fusion-animated\" style=\"--awb-bg-blend:overlay;--awb-bg-size:cover;--awb-width-large:50%;--awb-margin-top-large:0px;--awb-spacing-right-large:0px;--awb-margin-bottom-large:0px;--awb-spacing-left-large:0px;--awb-width-medium:100%;--awb-spacing-right-medium:0px;--awb-spacing-left-medium:0px;--awb-width-small:100%;--awb-spacing-right-small:0px;--awb-spacing-left-small:0px;\" data-animationType=\"fadeInRight\" data-animationDuration=\"0.8\" data-animationOffset=\"top-into-view\"><div class=\"fusion-column-wrapper fusion-flex-justify-content-flex-start fusion-content-layout-column\"><div class=\"fusion-image-element \" style=\"--awb-caption-title-font-family:var(--h2_typography-font-family);--awb-caption-title-font-weight:var(--h2_typography-font-weight);--awb-caption-title-font-style:var(--h2_typography-font-style);--awb-caption-title-size:var(--h2_typography-font-size);--awb-caption-title-transform:var(--h2_typography-text-transform);--awb-caption-title-line-height:var(--h2_typography-line-height);--awb-caption-title-letter-spacing:var(--h2_typography-letter-spacing);\"><span class=\" fusion-imageframe imageframe-glow imageframe-1 hover-type-zoomin\" style=\"-webkit-box-shadow: 0 0 20px hsla(var(--awb-color8-h),var(--awb-color8-s),var(--awb-color8-l),calc(var(--awb-color8-a) - 75%));box-shadow: 0 0 20px hsla(var(--awb-color8-h),var(--awb-color8-s),var(--awb-color8-l),calc(var(--awb-color8-a) - 75%));\"><a class=\"fusion-no-lightbox\" href=\"https:\/\/1.envato.market\/9Yj3y\" target=\"_self\" aria-label=\"WhatsApp Image 2025-01-20 at 3.04.31 PM\"><img decoding=\"async\" width=\"988\" height=\"1600\" src=\"https:\/\/santaanamaya.gob.mx\/wp-content\/uploads\/2025\/01\/WhatsApp-Image-2025-01-20-at-3.04.31-PM.jpeg\" data-orig-src=\"http:\/\/santaanamaya.gob.mx\/wp-content\/uploads\/2025\/01\/WhatsApp-Image-2025-01-20-at-3.04.31-PM.jpeg\" alt class=\"lazyload img-responsive wp-image-1463\" srcset=\"data:image\/svg+xml,%3Csvg%20xmlns%3D%27http%3A%2F%2Fwww.w3.org%2F2000%2Fsvg%27%20width%3D%27988%27%20height%3D%271600%27%20viewBox%3D%270%200%20988%201600%27%3E%3Crect%20width%3D%27988%27%20height%3D%271600%27%20fill-opacity%3D%220%22%2F%3E%3C%2Fsvg%3E\" data-srcset=\"https:\/\/santaanamaya.gob.mx\/wp-content\/uploads\/2025\/01\/WhatsApp-Image-2025-01-20-at-3.04.31-PM-200x324.jpeg 200w, https:\/\/santaanamaya.gob.mx\/wp-content\/uploads\/2025\/01\/WhatsApp-Image-2025-01-20-at-3.04.31-PM-400x648.jpeg 400w, https:\/\/santaanamaya.gob.mx\/wp-content\/uploads\/2025\/01\/WhatsApp-Image-2025-01-20-at-3.04.31-PM-600x972.jpeg 600w, https:\/\/santaanamaya.gob.mx\/wp-content\/uploads\/2025\/01\/WhatsApp-Image-2025-01-20-at-3.04.31-PM-800x1296.jpeg 800w, https:\/\/santaanamaya.gob.mx\/wp-content\/uploads\/2025\/01\/WhatsApp-Image-2025-01-20-at-3.04.31-PM.jpeg 988w\" data-sizes=\"auto\" data-orig-sizes=\"(max-width: 1024px) 100vw, (max-width: 640px) 100vw, 600px\" \/><\/a><\/span><\/div><\/div><\/div><div class=\"fusion-layout-column fusion_builder_column fusion-builder-column-2 fusion_builder_column_1_2 1_2 fusion-flex-column fusion-animated\" style=\"--awb-bg-blend:overlay;--awb-bg-size:cover;--awb-width-large:50%;--awb-margin-top-large:0px;--awb-spacing-right-large:0px;--awb-margin-bottom-large:0px;--awb-spacing-left-large:0px;--awb-width-medium:100%;--awb-spacing-right-medium:0px;--awb-spacing-left-medium:0px;--awb-width-small:100%;--awb-spacing-right-small:0px;--awb-spacing-left-small:0px;\" data-animationType=\"fadeInLeft\" data-animationDuration=\"0.8\" data-animationOffset=\"top-into-view\"><div class=\"fusion-column-wrapper fusion-flex-justify-content-flex-start fusion-content-layout-column\"><div class=\"fusion-image-element \" style=\"--awb-caption-title-font-family:var(--h2_typography-font-family);--awb-caption-title-font-weight:var(--h2_typography-font-weight);--awb-caption-title-font-style:var(--h2_typography-font-style);--awb-caption-title-size:var(--h2_typography-font-size);--awb-caption-title-transform:var(--h2_typography-text-transform);--awb-caption-title-line-height:var(--h2_typography-line-height);--awb-caption-title-letter-spacing:var(--h2_typography-letter-spacing);\"><span class=\" fusion-imageframe imageframe-glow imageframe-2 hover-type-zoomin\" style=\"-webkit-box-shadow: 0 0 20px hsla(var(--awb-color8-h),var(--awb-color8-s),var(--awb-color8-l),calc(var(--awb-color8-a) - 75%));box-shadow: 0 0 20px hsla(var(--awb-color8-h),var(--awb-color8-s),var(--awb-color8-l),calc(var(--awb-color8-a) - 75%));\"><a class=\"fusion-no-lightbox\" href=\"https:\/\/1.envato.market\/9Yj3y\" target=\"_self\" aria-label=\"WhatsApp Image 2025-01-20 at 3.04.31 PM (1)\"><img decoding=\"async\" width=\"982\" height=\"1600\" src=\"https:\/\/santaanamaya.gob.mx\/wp-content\/uploads\/2025\/01\/WhatsApp-Image-2025-01-20-at-3.04.31-PM-1.jpeg\" data-orig-src=\"http:\/\/santaanamaya.gob.mx\/wp-content\/uploads\/2025\/01\/WhatsApp-Image-2025-01-20-at-3.04.31-PM-1.jpeg\" alt class=\"lazyload img-responsive wp-image-1467\" srcset=\"data:image\/svg+xml,%3Csvg%20xmlns%3D%27http%3A%2F%2Fwww.w3.org%2F2000%2Fsvg%27%20width%3D%27982%27%20height%3D%271600%27%20viewBox%3D%270%200%20982%201600%27%3E%3Crect%20width%3D%27982%27%20height%3D%271600%27%20fill-opacity%3D%220%22%2F%3E%3C%2Fsvg%3E\" data-srcset=\"https:\/\/santaanamaya.gob.mx\/wp-content\/uploads\/2025\/01\/WhatsApp-Image-2025-01-20-at-3.04.31-PM-1-200x326.jpeg 200w, https:\/\/santaanamaya.gob.mx\/wp-content\/uploads\/2025\/01\/WhatsApp-Image-2025-01-20-at-3.04.31-PM-1-400x652.jpeg 400w, https:\/\/santaanamaya.gob.mx\/wp-content\/uploads\/2025\/01\/WhatsApp-Image-2025-01-20-at-3.04.31-PM-1-600x978.jpeg 600w, https:\/\/santaanamaya.gob.mx\/wp-content\/uploads\/2025\/01\/WhatsApp-Image-2025-01-20-at-3.04.31-PM-1-800x1303.jpeg 800w, https:\/\/santaanamaya.gob.mx\/wp-content\/uploads\/2025\/01\/WhatsApp-Image-2025-01-20-at-3.04.31-PM-1.jpeg 982w\" data-sizes=\"auto\" data-orig-sizes=\"(max-width: 1024px) 100vw, (max-width: 640px) 100vw, 600px\" \/><\/a><\/span><\/div><\/div><\/div><div class=\"fusion-layout-column fusion_builder_column fusion-builder-column-3 fusion_builder_column_1_2 1_2 fusion-flex-column fusion-animated\" style=\"--awb-padding-top:12%;--awb-padding-right:12%;--awb-padding-bottom:12%;--awb-padding-left:12%;--awb-bg-blend:overlay;--awb-bg-size:cover;--awb-width-large:50%;--awb-margin-top-large:0px;--awb-spacing-right-large:0px;--awb-margin-bottom-large:0px;--awb-spacing-left-large:0px;--awb-width-medium:100%;--awb-spacing-right-medium:0px;--awb-spacing-left-medium:0px;--awb-width-small:100%;--awb-spacing-right-small:0px;--awb-spacing-left-small:0px;\" data-animationType=\"fadeInRight\" data-animationDuration=\"0.8\" data-animationOffset=\"top-into-view\"><div class=\"fusion-column-wrapper fusion-flex-justify-content-flex-start fusion-content-layout-column\"><div class=\"fusion-title title fusion-title-2 fusion-sep-none fusion-title-text fusion-title-size-three\" style=\"--awb-margin-top:0px;--awb-margin-bottom:10px;--awb-margin-top-small:0px;--awb-margin-right-small:0px;--awb-margin-bottom-small:20px;--awb-margin-left-small:0px;\"><h3 class=\"fusion-title-heading title-heading-left fusion-responsive-typography-calculated\" style=\"margin:0;--fontSize:26;--minFontSize:26;line-height:1.3;\">Si te encuentras fuera del municipio<\/h3><\/div><div class=\"fusion-separator fusion-full-width-sep\" style=\"align-self: center;margin-left: auto;margin-right: auto;margin-top:5px;margin-bottom:25px;width:100%;\"><div class=\"fusion-separator-border sep-single sep-solid\" style=\"--awb-height:20px;--awb-amount:20px;border-color:var(--awb-color3);border-top-width:1px;\"><\/div><\/div><div class=\"fusion-text fusion-text-3\" style=\"--awb-content-alignment:justify;\"><p>Ponte en contacto con nostros atraves de nuestro whats app institucional.<\/p>\n<\/div><div class=\"fusion-separator fusion-full-width-sep\" style=\"align-self: center;margin-left: auto;margin-right: auto;margin-top:5px;width:100%;\"><\/div><a class=\"fb-icon-element-1 fb-icon-element fontawesome-icon fa-whatsapp fab circle-yes fusion-link\" style=\"--awb-circlecolor:var(--awb-custom_color_2);--awb-circlebordersize:1px;--awb-font-size:64.24px;--awb-width:128.48px;--awb-height:128.48px;--awb-line-height:126.48px;--awb-margin-top:0;--awb-margin-right:0;--awb-margin-bottom:0;--awb-margin-left:0;--awb-align-self:center;\" href=\"https:\/\/api.whatsapp.com\/send\/?phone=%2B524451003936&amp;text=Me+pueden%2C+proporcionar+Informacion+para+realizar+mi+pago&amp;=phone_number&amp;app_absent=0\" target=\"_self\" aria-label=\"Link to https:\/\/api.whatsapp.com\/send\/?phone=%2B524451003936&#038;text=Me+pueden%2C+proporcionar+Informacion+para+realizar+mi+pago&#038;=phone_number&#038;app_absent=0\"><\/a><\/div><\/div><\/div><\/div><div class=\"fusion-fullwidth fullwidth-box fusion-builder-row-2 fusion-flex-container has-pattern-background has-mask-background nonhundred-percent-fullwidth non-hundred-percent-height-scrolling\" style=\"--awb-border-radius-top-left:0px;--awb-border-radius-top-right:0px;--awb-border-radius-bottom-right:0px;--awb-border-radius-bottom-left:0px;--awb-flex-wrap:wrap;\" ><div class=\"fusion-builder-row fusion-row fusion-flex-align-items-flex-start fusion-flex-content-wrap\" style=\"max-width:1206.4px;margin-left: calc(-4% \/ 2 );margin-right: calc(-4% \/ 2 );\"><div class=\"fusion-layout-column fusion_builder_column fusion-builder-column-4 fusion_builder_column_1_1 1_1 fusion-flex-column\" style=\"--awb-bg-size:cover;--awb-width-large:100%;--awb-margin-top-large:25px;--awb-spacing-right-large:1.92%;--awb-margin-bottom-large:25px;--awb-spacing-left-large:1.92%;--awb-width-medium:100%;--awb-order-medium:0;--awb-spacing-right-medium:1.92%;--awb-spacing-left-medium:1.92%;--awb-width-small:100%;--awb-order-small:0;--awb-spacing-right-small:1.92%;--awb-spacing-left-small:1.92%;\"><div class=\"fusion-column-wrapper fusion-column-has-shadow fusion-flex-justify-content-flex-start fusion-content-layout-column\"><div class=\"fusion-text fusion-text-4\" style=\"--awb-content-alignment:center;\"><blockquote>\n<h3 style=\"text-align: center;\">Recuerda Presentando la tarjeta del INAPAM se pagara la tarifa minima , aprovecha y paga en enero para mantener tu tarifa 2024<\/h3>\n<\/blockquote>\n<\/div><\/div><\/div><\/div><\/div><\/p>\n","protected":false},"excerpt":{"rendered":"","protected":false},"author":1,"featured_media":0,"parent":0,"menu_order":0,"comment_status":"closed","ping_status":"closed","template":"100-width.php","meta":{"footnotes":""},"class_list":["post-11","page","type-page","status-publish","hentry"],"_links":{"self":[{"href":"https:\/\/santaanamaya.gob.mx\/index.php\/wp-json\/wp\/v2\/pages\/11","targetHints":{"allow":["GET"]}}],"collection":[{"href":"https:\/\/santaanamaya.gob.mx\/index.php\/wp-json\/wp\/v2\/pages"}],"about":[{"href":"https:\/\/santaanamaya.gob.mx\/index.php\/wp-json\/wp\/v2\/types\/page"}],"author":[{"embeddable":true,"href":"https:\/\/santaanamaya.gob.mx\/index.php\/wp-json\/wp\/v2\/users\/1"}],"replies":[{"embeddable":true,"href":"https:\/\/santaanamaya.gob.mx\/index.php\/wp-json\/wp\/v2\/comments?post=11"}],"version-history":[{"count":12,"href":"https:\/\/santaanamaya.gob.mx\/index.php\/wp-json\/wp\/v2\/pages\/11\/revisions"}],"predecessor-version":[{"id":1472,"href":"https:\/\/santaanamaya.gob.mx\/index.php\/wp-json\/wp\/v2\/pages\/11\/revisions\/1472"}],"wp:attachment":[{"href":"https:\/\/santaanamaya.gob.mx\/index.php\/wp-json\/wp\/v2\/media?parent=11"}],"curies":[{"name":"wp","href":"https:\/\/api.w.org\/{rel}","templated":true}]}}